{"id":122,"date":"2020-12-26T09:10:36","date_gmt":"2020-12-26T08:10:36","guid":{"rendered":"http:\/\/s873298253.online.de\/?page_id=122"},"modified":"2021-06-22T17:42:33","modified_gmt":"2021-06-22T15:42:33","slug":"kosten","status":"publish","type":"page","link":"https:\/\/kjp-praxis-essen.de\/index.php\/kosten\/","title":{"rendered":"Kosten"},"content":{"rendered":"\n<p>F\u00fcr Kinder, Jugendliche und junge Erwachsene, die <strong>gesetzlich<\/strong> versichert sind und das 20. Lebensjahr noch nicht vollendet haben, \u00fcbernimmt die Krankenkasse alle Kosten. Eine bereits in diesem Zeitraum begonnene Therapie kann l\u00e4ngstens bis zur Vollendung des 24. Lebensjahres weitergef\u00fchrt werden.<\/p>\n\n\n\n<p>Zur Sprechstunde bitte ich um Vorlage der Versichertenkarte.<\/p>\n\n\n\n<p>F\u00fcr<strong> privat<\/strong> Versicherte gibt es keine einheitliche Altersbegrenzung. Behandlung auch im jungen Erwachsenenalter ist in der Regel m\u00f6glich. Wir kl\u00e4ren alle Fragen zur Kosten\u00fcbernahme individuell im Ersttermin.<\/p>\n","protected":false},"excerpt":{"rendered":"<p>F\u00fcr Kinder, Jugendliche und junge Erwachsene, die gesetzlich versichert sind und das 20. Lebensjahr noch nicht vollendet haben, \u00fcbernimmt die Krankenkasse alle Kosten. Eine bereits in diesem Zeitraum begonnene Therapie kann l\u00e4ngstens bis zur Vollendung des 24. Lebensjahres weitergef\u00fchrt werden. Zur Sprechstunde bitte ich um Vorlage der Versichertenkarte. F\u00fcr privat Versicherte gibt es keine einheitliche&hellip;&nbsp;<a href=\"https:\/\/kjp-praxis-essen.de\/index.php\/kosten\/\" class=\"\" rel=\"bookmark\">Weiterlesen &raquo;<span class=\"screen-reader-text\">Kosten<\/span><\/a><\/p>\n","protected":false},"author":1,"featured_media":0,"parent":0,"menu_order":0,"comment_status":"closed","ping_status":"closed","template":"","meta":{"neve_meta_sidebar":"full-width","neve_meta_container":"","neve_meta_enable_content_width":"off","neve_meta_content_width":70,"neve_meta_title_alignment":"","neve_meta_author_avatar":"","neve_post_elements_order":"","neve_meta_disable_header":"","neve_meta_disable_footer":"","neve_meta_disable_title":""},"_links":{"self":[{"href":"https:\/\/kjp-praxis-essen.de\/index.php\/wp-json\/wp\/v2\/pages\/122"}],"collection":[{"href":"https:\/\/kjp-praxis-essen.de\/index.php\/wp-json\/wp\/v2\/pages"}],"about":[{"href":"https:\/\/kjp-praxis-essen.de\/index.php\/wp-json\/wp\/v2\/types\/page"}],"author":[{"embeddable":true,"href":"https:\/\/kjp-praxis-essen.de\/index.php\/wp-json\/wp\/v2\/users\/1"}],"replies":[{"embeddable":true,"href":"https:\/\/kjp-praxis-essen.de\/index.php\/wp-json\/wp\/v2\/comments?post=122"}],"version-history":[{"count":2,"href":"https:\/\/kjp-praxis-essen.de\/index.php\/wp-json\/wp\/v2\/pages\/122\/revisions"}],"predecessor-version":[{"id":133,"href":"https:\/\/kjp-praxis-essen.de\/index.php\/wp-json\/wp\/v2\/pages\/122\/revisions\/133"}],"wp:attachment":[{"href":"https:\/\/kjp-praxis-essen.de\/index.php\/wp-json\/wp\/v2\/media?parent=122"}],"curies":[{"name":"wp","href":"https:\/\/api.w.org\/{rel}","templated":true}]}}